{"id":1377,"date":"2025-09-10T14:28:46","date_gmt":"2025-09-10T20:28:46","guid":{"rendered":"https:\/\/sda.campeche.gob.mx\/?page_id=1377"},"modified":"2026-04-29T15:30:43","modified_gmt":"2026-04-29T21:30:43","slug":"inicio","status":"publish","type":"page","link":"https:\/\/sda.campeche.gob.mx\/","title":{"rendered":"Inicio"},"content":{"rendered":"<p>[et_pb_section fb_built=\u00bb1&#8243; fullwidth=\u00bbon\u00bb _builder_version=\u00bb4.27.4&#8243; _module_preset=\u00bbdefault\u00bb global_colors_info=\u00bb{}\u00bb][et_pb_fullwidth_slider arrows_custom_color=\u00bb#691C32&#8243; dot_nav_custom_color=\u00bb#691C32&#8243; module_id=\u00bbmi-slider\u00bb _builder_version=\u00bb4.27.4&#8243; _module_preset=\u00bbdefault\u00bb auto=\u00bbon\u00bb auto_speed=\u00bb4000&#8243; auto_ignore_hover=\u00bbon\u00bb custom_css_free_form=\u00bb\/* Slider con proporci\u00f3n panor\u00e1mica 1280&#215;420 *\/||#mi-slider.et_pb_slider .et_pb_slide {||  position: relative;||  width: 100%;||  height: 0;||  padding-top: 32.8%; \/* relaci\u00f3n 1280&#215;420 *\/||  background-size: cover !important;||  background-position: center !important;||}||||\/* Centrar contenido dentro del slide *\/||#mi-slider.et_pb_slider .et_pb_slide .et_pb_container {||  position: absolute;||  top: 50%;||  left: 50%;||  transform: translate(-50%, -50%);||  width: 90%;||}||\u00bb global_colors_info=\u00bb{}\u00bb][et_pb_slide _builder_version=\u00bb4.27.4&#8243; _module_preset=\u00bbdefault\u00bb background_image=\u00bbhttps:\/\/sda.campeche.gob.mx\/wp-content\/uploads\/baner-inegi-scaled.png\u00bb background_enable_image=\u00bbon\u00bb link_option_url=\u00bbhttps:\/\/intercensal2025.mx\/\u00bb global_colors_info=\u00bb{}\u00bb sticky_transition=\u00bbon\u00bb][\/et_pb_slide][et_pb_slide _builder_version=\u00bb4.27.4&#8243; _module_preset=\u00bbdefault\u00bb background_image=\u00bbhttps:\/\/sda.campeche.gob.mx\/wp-content\/uploads\/a3bcbebb-a5d2-4008-ac4f-73a77cbeb881.jpg\u00bb background_enable_image=\u00bbon\u00bb global_colors_info=\u00bb{}\u00bb sticky_transition=\u00bbon\u00bb][\/et_pb_slide][et_pb_slide _builder_version=\u00bb4.27.4&#8243; _module_preset=\u00bbdefault\u00bb background_image=\u00bbhttps:\/\/sda.campeche.gob.mx\/wp-content\/uploads\/b478d8d1-954f-44b6-9e58-a2e214369fd8.jpg\u00bb background_enable_image=\u00bbon\u00bb global_colors_info=\u00bb{}\u00bb sticky_transition=\u00bbon\u00bb][\/et_pb_slide][et_pb_slide _builder_version=\u00bb4.27.4&#8243; _module_preset=\u00bbdefault\u00bb background_image=\u00bbhttps:\/\/sda.campeche.gob.mx\/wp-content\/uploads\/07652e4a-4691-437c-a757-cd41603e828a.jpg\u00bb background_enable_image=\u00bbon\u00bb global_colors_info=\u00bb{}\u00bb sticky_transition=\u00bbon\u00bb][\/et_pb_slide][et_pb_slide _builder_version=\u00bb4.27.4&#8243; _module_preset=\u00bbdefault\u00bb background_image=\u00bbhttps:\/\/sda.campeche.gob.mx\/wp-content\/uploads\/07652e4a-4691-437c-a757-cd41603e828a.jpg\u00bb background_enable_image=\u00bbon\u00bb global_colors_info=\u00bb{}\u00bb sticky_transition=\u00bbon\u00bb][\/et_pb_slide][et_pb_slide _builder_version=\u00bb4.27.4&#8243; _module_preset=\u00bbdefault\u00bb background_image=\u00bbhttps:\/\/sda.campeche.gob.mx\/wp-content\/uploads\/814872a6-f712-48ed-93d0-b7d0f55b80a3.jpg\u00bb background_enable_image=\u00bbon\u00bb global_colors_info=\u00bb{}\u00bb sticky_transition=\u00bbon\u00bb][\/et_pb_slide][\/et_pb_fullwidth_slider][\/et_pb_section][et_pb_section fb_built=\u00bb1&#8243; _builder_version=\u00bb4.27.4&#8243; _module_preset=\u00bbdefault\u00bb global_colors_info=\u00bb{}\u00bb][et_pb_row _builder_version=\u00bb4.27.4&#8243; _module_preset=\u00bbdefault\u00bb global_colors_info=\u00bb{}\u00bb][et_pb_column type=\u00bb4_4&#8243; _builder_version=\u00bb4.27.4&#8243; _module_preset=\u00bbdefault\u00bb global_colors_info=\u00bb{}\u00bb][et_pb_code _builder_version=\u00bb4.27.4&#8243; _module_preset=\u00bbdefault\u00bb global_colors_info=\u00bb{}\u00bb disabled_on=\u00bboff|off|off\u00bb]<!DOCTYPE html><!-- [et_pb_line_break_holder] --><html lang=\"es\"><!-- [et_pb_line_break_holder] --><head><!-- [et_pb_line_break_holder] -->    <meta charset=\"UTF-8\"><!-- [et_pb_line_break_holder] -->    <meta name=\"viewport\" content=\"width=device-width, initial-scale=1.0\"><!-- [et_pb_line_break_holder] -->    <title>Perfil del Titular<\/title><!-- [et_pb_line_break_holder] -->    <\/p>\n<style><!-- [et_pb_line_break_holder] -->        \/*<!-- [et_pb_line_break_holder] -->         * Basado en el \"Manual de Identidad Gr\u00e1fica Gobierno del Estado de Campeche 2021-2027\"<!-- [et_pb_line_break_holder] -->         *\/<!-- [et_pb_line_break_holder] -->        @import url('https:\/\/fonts.googleapis.com\/css2?family=Roboto+Slab:wght@400;700&display=swap');<!-- [et_pb_line_break_holder] --><!-- [et_pb_line_break_holder] -->        :root {<!-- [et_pb_line_break_holder] -->            \/* Colores definidos en el manual de identidad *\/<!-- [et_pb_line_break_holder] -->            --primary-color: #9F2241; \/* Guinda *\/<!-- [et_pb_line_break_holder] -->            --secondary-color: #BCA986; \/* Dorado *\/<!-- [et_pb_line_break_holder] -->            --text-color: #333;<!-- [et_pb_line_break_holder] -->            --link-color: var(--primary-color);<!-- [et_pb_line_break_holder] -->            --background-color: #f4f4f4;<!-- [et_pb_line_break_holder] -->        }<!-- [et_pb_line_break_holder] --><!-- [et_pb_line_break_holder] -->        \/*<!-- [et_pb_line_break_holder] -->        * NOTA: Aqu\u00ed faltaban algunas reglas generales del body y el * que no copi\u00e9, pero me enfoco en el profile-container<!-- [et_pb_line_break_holder] -->        *\/<!-- [et_pb_line_break_holder] --><!-- [et_pb_line_break_holder] -->        .profile-container {<!-- [et_pb_line_break_holder] -->            background-color: #fff;<!-- [et_pb_line_break_holder] -->            border-radius: 10px;<!-- [et_pb_line_break_holder] -->            padding: 3rem;<!-- [et_pb_line_break_holder] -->            max-width: 45rem; \/* ~720px *\/<!-- [et_pb_line_break_holder] -->            width: 100%;<!-- [et_pb_line_break_holder] -->            display: flex;<!-- [et_pb_line_break_holder] -->            flex-direction: column;<!-- [et_pb_line_break_holder] -->            align-items: center;<!-- [et_pb_line_break_holder] -->        }<!-- [et_pb_line_break_holder] --><!-- [et_pb_line_break_holder] -->        .header-content {<!-- [et_pb_line_break_holder] -->            display: flex;<!-- [et_pb_line_break_holder] -->            flex-direction: row;<!-- [et_pb_line_break_holder] -->            align-items: center;<!-- [et_pb_line_break_holder] -->            justify-content: space-between;<!-- [et_pb_line_break_holder] -->            width: 100%;<!-- [et_pb_line_break_holder] -->            margin-bottom: 2rem;<!-- [et_pb_line_break_holder] -->        }<!-- [et_pb_line_break_holder] --><!-- [et_pb_line_break_holder] -->        .profile-info {<!-- [et_pb_line_break_holder] -->            display: flex;<!-- [et_pb_line_break_holder] -->            flex-direction: column; \/* Cambiado a columna para apilar los elementos *\/<!-- [et_pb_line_break_holder] -->            align-items: center;<!-- [et_pb_line_break_holder] -->            gap: 1.5rem;<!-- [et_pb_line_break_holder] -->        }<!-- [et_pb_line_break_holder] -->        <!-- [et_pb_line_break_holder] -->        .profile-image {<!-- [et_pb_line_break_holder] -->            width: 12rem; \/* Aumentado el tama\u00f1o de la imagen del titular *\/<!-- [et_pb_line_break_holder] -->            height: 12rem; \/* ~192px *\/<!-- [et_pb_line_break_holder] -->            border-radius: 50%;<!-- [et_pb_line_break_holder] -->            object-fit: cover;<!-- [et_pb_line_break_holder] -->            border: 4px solid var(--primary-color);<!-- [et_pb_line_break_holder] -->        }<!-- [et_pb_line_break_holder] --><!-- [et_pb_line_break_holder] -->        .profile-text {<!-- [et_pb_line_break_holder] -->            text-align: center;<!-- [et_pb_line_break_holder] -->            display: flex;<!-- [et_pb_line_break_holder] -->            flex-direction: column;<!-- [et_pb_line_break_holder] -->            gap: 0.2rem; \/* Reducido el espacio entre el nombre y el puesto *\/<!-- [et_pb_line_break_holder] -->        }<!-- [et_pb_line_break_holder] --><!-- [et_pb_line_break_holder] -->        .profile-name {<!-- [et_pb_line_break_holder] -->            font-size: clamp(1.5rem, 4vw, 2.2rem);<!-- [et_pb_line_break_holder] -->            font-weight: 700;<!-- [et_pb_line_break_holder] -->            color: var(--primary-color);<!-- [et_pb_line_break_holder] -->            margin: 0;<!-- [et_pb_line_break_holder] -->            line-height: 1.2;<!-- [et_pb_line_break_holder] -->        }<!-- [et_pb_line_break_holder] --><!-- [et_pb_line_break_holder] -->        .profile-title {<!-- [et_pb_line_break_holder] -->            font-size: clamp(1rem, 2.5vw, 1.4rem);<!-- [et_pb_line_break_holder] -->            font-weight: 400;<!-- [et_pb_line_break_holder] -->            color: var(--text-color);<!-- [et_pb_line_break_holder] -->            margin: 0;<!-- [et_pb_line_break_holder] -->        }<!-- [et_pb_line_break_holder] --><!-- [et_pb_line_break_holder] -->        .cv-link {<!-- [et_pb_line_break_holder] -->            display: flex;<!-- [et_pb_line_break_holder] -->            align-items: center;<!-- [et_pb_line_break_holder] -->            gap: 0.75rem;<!-- [et_pb_line_break_holder] -->            text-decoration: none;<!-- [et_pb_line_break_holder] -->            color: var(--primary-color);<!-- [et_pb_line_break_holder] -->            font-weight: bold;<!-- [et_pb_line_break_holder] -->            font-size: clamp(0.9rem, 2vw, 1.2rem);<!-- [et_pb_line_break_holder] -->            padding: 0.75rem 1.25rem;<!-- [et_pb_line_break_holder] -->            border: 2px solid var(--primary-color);<!-- [et_pb_line_break_holder] -->            border-radius: 50px;<!-- [et_pb_line_break_holder] -->        }<!-- [et_pb_line_break_holder] --><!-- [et_pb_line_break_holder] -->        .cv-link img {<!-- [et_pb_line_break_holder] -->            width: 1.75rem; \/* ~28px *\/<!-- [et_pb_line_break_holder] -->            height: auto;<!-- [et_pb_line_break_holder] -->        }<!-- [et_pb_line_break_holder] -->        <!-- [et_pb_line_break_holder] -->        \/* Adaptaci\u00f3n para pantallas m\u00e1s peque\u00f1as (flex-direction: column) *\/<!-- [et_pb_line_break_holder] -->        @media (max-width: 768px) {<!-- [et_pb_line_break_holder] -->            .header-content {<!-- [et_pb_line_break_holder] -->                flex-direction: column;<!-- [et_pb_line_break_holder] -->                align-items: center;<!-- [et_pb_line_break_holder] -->                gap: 1.5rem;<!-- [et_pb_line_break_holder] -->            }<!-- [et_pb_line_break_holder] -->        }<!-- [et_pb_line_break_holder] -->    <\/style>\n<p><!-- [et_pb_line_break_holder] --><\/head><!-- [et_pb_line_break_holder] --><body><!-- [et_pb_line_break_holder] --><!-- [et_pb_line_break_holder] -->    <\/p>\n<div class=\"profile-container\"><!-- [et_pb_line_break_holder] -->        <\/p>\n<div class=\"header-content\"><!-- [et_pb_line_break_holder] -->            <\/p>\n<div class=\"profile-info\"><!-- [et_pb_line_break_holder] -->                <img decoding=\"async\" class=\"\" src=\"https:\/\/sda.campeche.gob.mx\/wp-content\/uploads\/SDA.jpg\"><!-- [et_pb_line_break_holder] -->                <\/p>\n<div class=\"profile-text\"><!-- [et_pb_line_break_holder] -->                    <pee class=\"profile-name\">Lic. Roxana Lizbeth Rivera Pe\u00f1a<\/pee><!-- [et_pb_line_break_holder] -->                    <pee class=\"profile-title\">Titular de la Secretar\u00eda de Desarrollo Agropecuario<\/pee><!-- [et_pb_line_break_holder] -->                <\/div>\n<p><!-- [et_pb_line_break_holder] -->            <\/div>\n<p><!-- [et_pb_line_break_holder] -->            <\/div>\n<p><!-- [et_pb_line_break_holder] -->    <\/div>\n<p><!-- [et_pb_line_break_holder] --><!-- [et_pb_line_break_holder] --><\/body><!-- [et_pb_line_break_holder] --><\/html>[\/et_pb_code][et_pb_code disabled_on=\u00bbon|on|on\u00bb _builder_version=\u00bb4.27.4&#8243; _module_preset=\u00bbdefault\u00bb disabled=\u00bbon\u00bb global_colors_info=\u00bb{}\u00bb]<!DOCTYPE html><!-- [et_pb_line_break_holder] --><html lang=\"es\"><!-- [et_pb_line_break_holder] --><head><!-- [et_pb_line_break_holder] -->    <meta charset=\"UTF-8\"><!-- [et_pb_line_break_holder] -->    <meta name=\"viewport\" content=\"width=device-width, initial-scale=1.0\"><!-- [et_pb_line_break_holder] -->    <title>Perfil del Titular<\/title><!-- [et_pb_line_break_holder] -->    <\/p>\n<style><!-- [et_pb_line_break_holder] -->        \/*<!-- [et_pb_line_break_holder] -->         * Basado en el \"Manual de Identidad Gr\u00e1fica Gobierno del Estado de Campeche 2021-2027\"<!-- [et_pb_line_break_holder] -->         *\/<!-- [et_pb_line_break_holder] -->        @import url('https:\/\/fonts.googleapis.com\/css2?family=Roboto+Slab:wght@400;700&display=swap');<!-- [et_pb_line_break_holder] --><!-- [et_pb_line_break_holder] -->        :root {<!-- [et_pb_line_break_holder] -->            \/* Colores definidos en el manual de identidad *\/<!-- [et_pb_line_break_holder] -->            --primary-color: #9F2241; \/* Guinda *\/<!-- [et_pb_line_break_holder] -->            --secondary-color: #BCA986; \/* Dorado *\/<!-- [et_pb_line_break_holder] -->            --text-color: #333;<!-- [et_pb_line_break_holder] -->            --link-color: var(--primary-color);<!-- [et_pb_line_break_holder] -->            --background-color: #f4f4f4;<!-- [et_pb_line_break_holder] -->        }<!-- [et_pb_line_break_holder] --><!-- [et_pb_line_break_holder] -->        \/*<!-- [et_pb_line_break_holder] -->        * NOTA: Aqu\u00ed faltaban algunas reglas generales del body y el * que no copi\u00e9, pero me enfoco en el profile-container<!-- [et_pb_line_break_holder] -->        *\/<!-- [et_pb_line_break_holder] --><!-- [et_pb_line_break_holder] -->        .profile-container {<!-- [et_pb_line_break_holder] -->            background-color: #fff;<!-- [et_pb_line_break_holder] -->            border-radius: 10px;<!-- [et_pb_line_break_holder] -->            padding: 3rem;<!-- [et_pb_line_break_holder] -->            max-width: 45rem; \/* ~720px *\/<!-- [et_pb_line_break_holder] -->            width: 100%;<!-- [et_pb_line_break_holder] -->            display: flex;<!-- [et_pb_line_break_holder] -->            flex-direction: column;<!-- [et_pb_line_break_holder] -->            align-items: center;<!-- [et_pb_line_break_holder] -->        }<!-- [et_pb_line_break_holder] --><!-- [et_pb_line_break_holder] -->        .header-content {<!-- [et_pb_line_break_holder] -->            display: flex;<!-- [et_pb_line_break_holder] -->            flex-direction: row;<!-- [et_pb_line_break_holder] -->            align-items: center;<!-- [et_pb_line_break_holder] -->            justify-content: space-between;<!-- [et_pb_line_break_holder] -->            width: 100%;<!-- [et_pb_line_break_holder] -->            margin-bottom: 2rem;<!-- [et_pb_line_break_holder] -->        }<!-- [et_pb_line_break_holder] --><!-- [et_pb_line_break_holder] -->        .profile-info {<!-- [et_pb_line_break_holder] -->            display: flex;<!-- [et_pb_line_break_holder] -->            flex-direction: column; \/* Cambiado a columna para apilar los elementos *\/<!-- [et_pb_line_break_holder] -->            align-items: center;<!-- [et_pb_line_break_holder] -->            gap: 1.5rem;<!-- [et_pb_line_break_holder] -->        }<!-- [et_pb_line_break_holder] -->        <!-- [et_pb_line_break_holder] -->        .profile-image {<!-- [et_pb_line_break_holder] -->            width: 12rem; \/* Aumentado el tama\u00f1o de la imagen del titular *\/<!-- [et_pb_line_break_holder] -->            height: 12rem; \/* ~192px *\/<!-- [et_pb_line_break_holder] -->            border-radius: 50%;<!-- [et_pb_line_break_holder] -->            object-fit: cover;<!-- [et_pb_line_break_holder] -->            border: 4px solid var(--primary-color);<!-- [et_pb_line_break_holder] -->        }<!-- [et_pb_line_break_holder] --><!-- [et_pb_line_break_holder] -->        .profile-text {<!-- [et_pb_line_break_holder] -->            text-align: center;<!-- [et_pb_line_break_holder] -->            display: flex;<!-- [et_pb_line_break_holder] -->            flex-direction: column;<!-- [et_pb_line_break_holder] -->            gap: 0.2rem; \/* Reducido el espacio entre el nombre y el puesto *\/<!-- [et_pb_line_break_holder] -->        }<!-- [et_pb_line_break_holder] --><!-- [et_pb_line_break_holder] -->        .profile-name {<!-- [et_pb_line_break_holder] -->            font-size: clamp(1.5rem, 4vw, 2.2rem);<!-- [et_pb_line_break_holder] -->            font-weight: 700;<!-- [et_pb_line_break_holder] -->            color: var(--primary-color);<!-- [et_pb_line_break_holder] -->            margin: 0;<!-- [et_pb_line_break_holder] -->            line-height: 1.2;<!-- [et_pb_line_break_holder] -->        }<!-- [et_pb_line_break_holder] --><!-- [et_pb_line_break_holder] -->        .profile-title {<!-- [et_pb_line_break_holder] -->            font-size: clamp(1rem, 2.5vw, 1.4rem);<!-- [et_pb_line_break_holder] -->            font-weight: 400;<!-- [et_pb_line_break_holder] -->            color: var(--text-color);<!-- [et_pb_line_break_holder] -->            margin: 0;<!-- [et_pb_line_break_holder] -->        }<!-- [et_pb_line_break_holder] --><!-- [et_pb_line_break_holder] -->        .cv-link {<!-- [et_pb_line_break_holder] -->            display: flex;<!-- [et_pb_line_break_holder] -->            align-items: center;<!-- [et_pb_line_break_holder] -->            gap: 0.75rem;<!-- [et_pb_line_break_holder] -->            text-decoration: none;<!-- [et_pb_line_break_holder] -->            color: var(--primary-color);<!-- [et_pb_line_break_holder] -->            font-weight: bold;<!-- [et_pb_line_break_holder] -->            font-size: clamp(0.9rem, 2vw, 1.2rem);<!-- [et_pb_line_break_holder] -->            padding: 0.75rem 1.25rem;<!-- [et_pb_line_break_holder] -->            border: 2px solid var(--primary-color);<!-- [et_pb_line_break_holder] -->            border-radius: 50px;<!-- [et_pb_line_break_holder] -->        }<!-- [et_pb_line_break_holder] --><!-- [et_pb_line_break_holder] -->        .cv-link img {<!-- [et_pb_line_break_holder] -->            width: 1.75rem; \/* ~28px *\/<!-- [et_pb_line_break_holder] -->            height: auto;<!-- [et_pb_line_break_holder] -->        }<!-- [et_pb_line_break_holder] -->        <!-- [et_pb_line_break_holder] -->        \/* Adaptaci\u00f3n para pantallas m\u00e1s peque\u00f1as (flex-direction: column) *\/<!-- [et_pb_line_break_holder] -->        @media (max-width: 768px) {<!-- [et_pb_line_break_holder] -->            .header-content {<!-- [et_pb_line_break_holder] -->                flex-direction: column;<!-- [et_pb_line_break_holder] -->                align-items: center;<!-- [et_pb_line_break_holder] -->                gap: 1.5rem;<!-- [et_pb_line_break_holder] -->            }<!-- [et_pb_line_break_holder] -->        }<!-- [et_pb_line_break_holder] -->    <\/style>\n<p><!-- [et_pb_line_break_holder] --><\/head><!-- [et_pb_line_break_holder] --><body><!-- [et_pb_line_break_holder] --><!-- [et_pb_line_break_holder] -->    <\/p>\n<div class=\"profile-container\"><!-- [et_pb_line_break_holder] -->        <\/p>\n<div class=\"header-content\"><!-- [et_pb_line_break_holder] -->            <\/p>\n<div class=\"profile-info\"><!-- [et_pb_line_break_holder] -->                <img decoding=\"async\" class=\"profile-image\" src=\"https:\/\/sda.campeche.gob.mx\/wp-content\/uploads\/SDA.jpg\"><!-- [et_pb_line_break_holder] -->                <\/p>\n<div class=\"profile-text\"><!-- [et_pb_line_break_holder] -->                    <pee class=\"profile-name\">Lic. Roxana Lizbeth Rivera Pe\u00f1a<\/pee><!-- [et_pb_line_break_holder] -->                    <pee class=\"profile-title\">Titular de la Secretar\u00eda de Desarrollo Agropecuario<\/pee><!-- [et_pb_line_break_holder] -->                <\/div>\n<p><!-- [et_pb_line_break_holder] -->            <\/div>\n<p><!-- [et_pb_line_break_holder] -->            <\/div>\n<p><!-- [et_pb_line_break_holder] -->    <\/div>\n<p><!-- [et_pb_line_break_holder] --><!-- [et_pb_line_break_holder] --><\/body><!-- [et_pb_line_break_holder] --><\/html>[\/et_pb_code][\/et_pb_column][\/et_pb_row][\/et_pb_section][et_pb_section fb_built=\u00bb1&#8243; fullwidth=\u00bbon\u00bb _builder_version=\u00bb4.27.4&#8243; _module_preset=\u00bbdefault\u00bb global_colors_info=\u00bb{}\u00bb][et_pb_fullwidth_post_slider posts_number=\u00bb6&#8243; include_categories=\u00bball\u00bb arrows_custom_color=\u00bb#691C32&#8243; dot_nav_custom_color=\u00bb#691C32&#8243; _builder_version=\u00bb4.27.4&#8243; _module_preset=\u00bbdefault\u00bb custom_button=\u00bbon\u00bb button_text_size=\u00bb18px\u00bb button_text_color=\u00bb#FFFFFF\u00bb button_bg_color=\u00bb#9F2241&#8243; button_border_color=\u00bb#9F2241&#8243; button_border_radius=\u00bb5px\u00bb global_colors_info=\u00bb{}\u00bb][\/et_pb_fullwidth_post_slider][\/et_pb_section][et_pb_section fb_built=\u00bb1&#8243; _builder_version=\u00bb4.27.4&#8243; _module_preset=\u00bbdefault\u00bb global_colors_info=\u00bb{}\u00bb][et_pb_row _builder_version=\u00bb4.27.4&#8243; _module_preset=\u00bbdefault\u00bb global_colors_info=\u00bb{}\u00bb][et_pb_column type=\u00bb4_4&#8243; _builder_version=\u00bb4.27.4&#8243; _module_preset=\u00bbdefault\u00bb global_colors_info=\u00bb{}\u00bb][et_pb_text _builder_version=\u00bb4.27.4&#8243; _module_preset=\u00bbdefault\u00bb header_text_color=\u00bb#691C32&#8243; header_font_size=\u00bb35px\u00bb global_colors_info=\u00bb{}\u00bb]<\/p>\n<h1 style=\"text-align: center;\">Convocatorias<\/h1>\n<p>[\/et_pb_text][et_pb_de_mach_archive_loop post_type_choose=\u00bbconvocatorias\u00bb loop_layout=\u00bb3344&#8243; no_posts_layout_text=\u00bbSin convocatorias&#8230;\u00bb posts_number=\u00bb2&#8243; enable_loadmore=\u00bbpagination\u00bb columns=\u00bb1&#8243; columns_tablet=\u00bb1&#8243; _builder_version=\u00bb4.27.4&#8243; _module_preset=\u00bbdefault\u00bb global_colors_info=\u00bb{}\u00bb][\/et_pb_de_mach_archive_loop][et_pb_button button_url=\u00bb@ET-DC@eyJkeW5hbWljIjp0cnVlLCJjb250ZW50IjoicG9zdF9saW5rX3VybF9wYWdlIiwic2V0dGluZ3MiOnsicG9zdF9pZCI6IjQxMDAifX0=@\u00bb button_text=\u00bbVer m\u00e1s convocatorias&#8230;\u00bb button_alignment=\u00bbcenter\u00bb _builder_version=\u00bb4.27.4&#8243; _dynamic_attributes=\u00bbbutton_url\u00bb _module_preset=\u00bbdefault\u00bb custom_button=\u00bbon\u00bb button_text_color=\u00bb#FFFFFF\u00bb button_bg_color=\u00bb#9F2241&#8243; button_border_color=\u00bbRGBA(255,255,255,0)\u00bb button_border_radius=\u00bb15px\u00bb global_colors_info=\u00bb{}\u00bb][\/et_pb_button][\/et_pb_column][\/et_pb_row][\/et_pb_section]<\/p>\n","protected":false},"excerpt":{"rendered":"<p>Convocatorias<\/p>\n","protected":false},"author":3,"featured_media":0,"parent":0,"menu_order":0,"comment_status":"closed","ping_status":"closed","template":"","meta":{"_acf_changed":false,"_et_pb_use_builder":"on","_et_pb_old_content":"","_et_gb_content_width":"","inline_featured_image":false,"footnotes":""},"class_list":["post-1377","page","type-page","status-publish","hentry"],"acf":[],"_links":{"self":[{"href":"https:\/\/sda.campeche.gob.mx\/index.php?rest_route=\/wp\/v2\/pages\/1377","targetHints":{"allow":["GET"]}}],"collection":[{"href":"https:\/\/sda.campeche.gob.mx\/index.php?rest_route=\/wp\/v2\/pages"}],"about":[{"href":"https:\/\/sda.campeche.gob.mx\/index.php?rest_route=\/wp\/v2\/types\/page"}],"author":[{"embeddable":true,"href":"https:\/\/sda.campeche.gob.mx\/index.php?rest_route=\/wp\/v2\/users\/3"}],"replies":[{"embeddable":true,"href":"https:\/\/sda.campeche.gob.mx\/index.php?rest_route=%2Fwp%2Fv2%2Fcomments&post=1377"}],"version-history":[{"count":28,"href":"https:\/\/sda.campeche.gob.mx\/index.php?rest_route=\/wp\/v2\/pages\/1377\/revisions"}],"predecessor-version":[{"id":4522,"href":"https:\/\/sda.campeche.gob.mx\/index.php?rest_route=\/wp\/v2\/pages\/1377\/revisions\/4522"}],"wp:attachment":[{"href":"https:\/\/sda.campeche.gob.mx\/index.php?rest_route=%2Fwp%2Fv2%2Fmedia&parent=1377"}],"curies":[{"name":"wp","href":"https:\/\/api.w.org\/{rel}","templated":true}]}}